{"id":116777,"date":"2026-04-17T21:15:47","date_gmt":"2026-04-17T19:15:47","guid":{"rendered":"https:\/\/modnaplussize.pl\/?post_type=product&#038;p=116777"},"modified":"2026-04-17T21:15:47","modified_gmt":"2026-04-17T19:15:47","slug":"bluzka-t-shirt-adi-fuksja","status":"publish","type":"product","link":"https:\/\/modnaplussize.pl\/index.php\/product\/bluzka-t-shirt-adi-fuksja\/","title":{"rendered":"BLUZKA T-SHIRT ADI FUKSJA"},"content":{"rendered":"<p>Stylowa bluzka z mi\u0119kkiej, oddychaj\u0105cej bawe\u0142ny z dodatkiem elastanu, kt\u00f3ra \u015bwietnie dopasowuje si\u0119 do cia\u0142a. Tiulowe r\u0119kawy z modnymi lampasami dodaj\u0105 lekko\u015bci i wyj\u0105tkowego charakteru \u2013 idealna na co dzie\u0144 i na specjalne okazje.<\/p>\n<p>&nbsp;<\/p>\n<p>Wymiary:<br \/>\nBiust 130cm<br \/>\nPas 130cm<br \/>\nBiodra 132cm<br \/>\nD\u0142ugo\u015b\u0107 75cm<\/p>\n<p>&nbsp;<\/p>\n<p>Sk\u0142ad:<\/p>\n<p>95 bawe\u0142na<br \/>\n5 elastan<\/p>\n<p>&nbsp;<\/p>\n","protected":false},"excerpt":{"rendered":"<p>Stylowa bluzka z mi\u0119kkiej, oddychaj\u0105cej bawe\u0142ny z dodatkiem elastanu, kt\u00f3ra \u015bwietnie dopasowuje si\u0119 do cia\u0142a. Tiulowe r\u0119kawy z modnymi lampasami dodaj\u0105 lekko\u015bci i wyj\u0105tkowego charakteru \u2013<span class=\"excerpt-hellip\"> [\u2026]<\/span><\/p>\n","protected":false},"featured_media":116780,"comment_status":"open","ping_status":"closed","template":"","meta":{"_monsterinsights_skip_tracking":false,"_monsterinsights_sitenote_active":false,"_monsterinsights_sitenote_note":"","_monsterinsights_sitenote_category":0},"product_brand":[],"product_cat":[23,64,19],"product_tag":[],"class_list":{"0":"post-116777","1":"product","2":"type-product","3":"status-publish","4":"has-post-thumbnail","6":"product_cat-bluzki","7":"product_cat-tshirty","8":"product_cat-ubrania","10":"first","11":"instock","12":"shipping-taxable","13":"purchasable","14":"product-type-simple"},"yoast_head":"<!-- This site is optimized with the Yoast SEO plugin v27.3 - https:\/\/yoast.com\/product\/yoast-seo-wordpress\/ -->\n<title>BLUZKA T-SHIRT ADI FUKSJA - MODNA<\/title>\n<meta name=\"robots\" content=\"index, follow, max-snippet:-1, max-image-preview:large, max-video-preview:-1\" \/>\n<link rel=\"canonical\" href=\"https:\/\/modnaplussize.pl\/index.php\/product\/bluzka-t-shirt-adi-fuksja\/\" \/>\n<meta property=\"og:locale\" content=\"pl_PL\" \/>\n<meta property=\"og:type\" content=\"article\" \/>\n<meta property=\"og:title\" content=\"BLUZKA T-SHIRT ADI FUKSJA - MODNA\" \/>\n<meta property=\"og:description\" content=\"Stylowa bluzka z mi\u0119kkiej, oddychaj\u0105cej bawe\u0142ny z dodatkiem elastanu, kt\u00f3ra \u015bwietnie dopasowuje si\u0119 do cia\u0142a. Tiulowe r\u0119kawy z modnymi lampasami dodaj\u0105 lekko\u015bci i wyj\u0105tkowego charakteru \u2013 [\u2026]\" \/>\n<meta property=\"og:url\" content=\"https:\/\/modnaplussize.pl\/index.php\/product\/bluzka-t-shirt-adi-fuksja\/\" \/>\n<meta property=\"og:site_name\" content=\"MODNA\" \/>\n<meta property=\"article:publisher\" content=\"https:\/\/www.facebook.com\/modnaplussize.plock\" \/>\n<meta property=\"og:image\" content=\"https:\/\/modnaplussize.pl\/wp-content\/uploads\/2026\/04\/IMG_20260417_211028.jpg\" \/>\n\t<meta property=\"og:image:width\" content=\"1034\" \/>\n\t<meta property=\"og:image:height\" content=\"1838\" \/>\n\t<meta property=\"og:image:type\" content=\"image\/jpeg\" \/>\n<meta name=\"twitter:card\" content=\"summary_large_image\" \/>\n<meta name=\"twitter:label1\" content=\"Szacowany czas czytania\" \/>\n\t<meta name=\"twitter:data1\" content=\"1 minuta\" \/>\n<script type=\"application\/ld+json\" class=\"yoast-schema-graph\">{\"@context\":\"https:\\\/\\\/schema.org\",\"@graph\":[{\"@type\":\"WebPage\",\"@id\":\"https:\\\/\\\/modnaplussize.pl\\\/index.php\\\/product\\\/bluzka-t-shirt-adi-fuksja\\\/\",\"url\":\"https:\\\/\\\/modnaplussize.pl\\\/index.php\\\/product\\\/bluzka-t-shirt-adi-fuksja\\\/\",\"name\":\"BLUZKA T-SHIRT ADI FUKSJA - MODNA\",\"isPartOf\":{\"@id\":\"https:\\\/\\\/modnaplussize.pl\\\/#website\"},\"primaryImageOfPage\":{\"@id\":\"https:\\\/\\\/modnaplussize.pl\\\/index.php\\\/product\\\/bluzka-t-shirt-adi-fuksja\\\/#primaryimage\"},\"image\":{\"@id\":\"https:\\\/\\\/modnaplussize.pl\\\/index.php\\\/product\\\/bluzka-t-shirt-adi-fuksja\\\/#primaryimage\"},\"thumbnailUrl\":\"https:\\\/\\\/modnaplussize.pl\\\/wp-content\\\/uploads\\\/2026\\\/04\\\/IMG_20260417_211028.jpg\",\"datePublished\":\"2026-04-17T19:15:47+00:00\",\"breadcrumb\":{\"@id\":\"https:\\\/\\\/modnaplussize.pl\\\/index.php\\\/product\\\/bluzka-t-shirt-adi-fuksja\\\/#breadcrumb\"},\"inLanguage\":\"pl-PL\",\"potentialAction\":[{\"@type\":\"ReadAction\",\"target\":[\"https:\\\/\\\/modnaplussize.pl\\\/index.php\\\/product\\\/bluzka-t-shirt-adi-fuksja\\\/\"]}]},{\"@type\":\"ImageObject\",\"inLanguage\":\"pl-PL\",\"@id\":\"https:\\\/\\\/modnaplussize.pl\\\/index.php\\\/product\\\/bluzka-t-shirt-adi-fuksja\\\/#primaryimage\",\"url\":\"https:\\\/\\\/modnaplussize.pl\\\/wp-content\\\/uploads\\\/2026\\\/04\\\/IMG_20260417_211028.jpg\",\"contentUrl\":\"https:\\\/\\\/modnaplussize.pl\\\/wp-content\\\/uploads\\\/2026\\\/04\\\/IMG_20260417_211028.jpg\",\"width\":1034,\"height\":1838,\"caption\":\"Oplus_16908288\"},{\"@type\":\"BreadcrumbList\",\"@id\":\"https:\\\/\\\/modnaplussize.pl\\\/index.php\\\/product\\\/bluzka-t-shirt-adi-fuksja\\\/#breadcrumb\",\"itemListElement\":[{\"@type\":\"ListItem\",\"position\":1,\"name\":\"Home\",\"item\":\"https:\\\/\\\/modnaplussize.pl\\\/\"},{\"@type\":\"ListItem\",\"position\":2,\"name\":\"Sklep\",\"item\":\"https:\\\/\\\/modnaplussize.pl\\\/index.php\\\/sklep\\\/\"},{\"@type\":\"ListItem\",\"position\":3,\"name\":\"BLUZKA T-SHIRT ADI FUKSJA\"}]},{\"@type\":\"WebSite\",\"@id\":\"https:\\\/\\\/modnaplussize.pl\\\/#website\",\"url\":\"https:\\\/\\\/modnaplussize.pl\\\/\",\"name\":\"MODNA\",\"description\":\"Sklep z ubraniami plus size! Ob\u0142\u0119dne kolekcje, kt\u00f3re pokochasz. \u015awietna jako\u015b\u0107!\",\"publisher\":{\"@id\":\"https:\\\/\\\/modnaplussize.pl\\\/#organization\"},\"potentialAction\":[{\"@type\":\"SearchAction\",\"target\":{\"@type\":\"EntryPoint\",\"urlTemplate\":\"https:\\\/\\\/modnaplussize.pl\\\/?s={search_term_string}\"},\"query-input\":{\"@type\":\"PropertyValueSpecification\",\"valueRequired\":true,\"valueName\":\"search_term_string\"}}],\"inLanguage\":\"pl-PL\"},{\"@type\":\"Organization\",\"@id\":\"https:\\\/\\\/modnaplussize.pl\\\/#organization\",\"name\":\"Sklep z odzie\u017c\u0105 plus size!\",\"url\":\"https:\\\/\\\/modnaplussize.pl\\\/\",\"logo\":{\"@type\":\"ImageObject\",\"inLanguage\":\"pl-PL\",\"@id\":\"https:\\\/\\\/modnaplussize.pl\\\/#\\\/schema\\\/logo\\\/image\\\/\",\"url\":\"https:\\\/\\\/modnaplussize.pl\\\/wp-content\\\/uploads\\\/2020\\\/06\\\/logo2.png\",\"contentUrl\":\"https:\\\/\\\/modnaplussize.pl\\\/wp-content\\\/uploads\\\/2020\\\/06\\\/logo2.png\",\"width\":530,\"height\":66,\"caption\":\"Sklep z odzie\u017c\u0105 plus size!\"},\"image\":{\"@id\":\"https:\\\/\\\/modnaplussize.pl\\\/#\\\/schema\\\/logo\\\/image\\\/\"},\"sameAs\":[\"https:\\\/\\\/www.facebook.com\\\/modnaplussize.plock\",\"https:\\\/\\\/www.instagram.com\\\/modna_plus_size\\\/\"]}]}<\/script>\n<!-- \/ Yoast SEO plugin. -->","yoast_head_json":{"title":"BLUZKA T-SHIRT ADI FUKSJA - MODNA","robots":{"index":"index","follow":"follow","max-snippet":"max-snippet:-1","max-image-preview":"max-image-preview:large","max-video-preview":"max-video-preview:-1"},"canonical":"https:\/\/modnaplussize.pl\/index.php\/product\/bluzka-t-shirt-adi-fuksja\/","og_locale":"pl_PL","og_type":"article","og_title":"BLUZKA T-SHIRT ADI FUKSJA - MODNA","og_description":"Stylowa bluzka z mi\u0119kkiej, oddychaj\u0105cej bawe\u0142ny z dodatkiem elastanu, kt\u00f3ra \u015bwietnie dopasowuje si\u0119 do cia\u0142a. Tiulowe r\u0119kawy z modnymi lampasami dodaj\u0105 lekko\u015bci i wyj\u0105tkowego charakteru \u2013 [\u2026]","og_url":"https:\/\/modnaplussize.pl\/index.php\/product\/bluzka-t-shirt-adi-fuksja\/","og_site_name":"MODNA","article_publisher":"https:\/\/www.facebook.com\/modnaplussize.plock","og_image":[{"width":1034,"height":1838,"url":"https:\/\/modnaplussize.pl\/wp-content\/uploads\/2026\/04\/IMG_20260417_211028.jpg","type":"image\/jpeg"}],"twitter_card":"summary_large_image","twitter_misc":{"Szacowany czas czytania":"1 minuta"},"schema":{"@context":"https:\/\/schema.org","@graph":[{"@type":"WebPage","@id":"https:\/\/modnaplussize.pl\/index.php\/product\/bluzka-t-shirt-adi-fuksja\/","url":"https:\/\/modnaplussize.pl\/index.php\/product\/bluzka-t-shirt-adi-fuksja\/","name":"BLUZKA T-SHIRT ADI FUKSJA - MODNA","isPartOf":{"@id":"https:\/\/modnaplussize.pl\/#website"},"primaryImageOfPage":{"@id":"https:\/\/modnaplussize.pl\/index.php\/product\/bluzka-t-shirt-adi-fuksja\/#primaryimage"},"image":{"@id":"https:\/\/modnaplussize.pl\/index.php\/product\/bluzka-t-shirt-adi-fuksja\/#primaryimage"},"thumbnailUrl":"https:\/\/modnaplussize.pl\/wp-content\/uploads\/2026\/04\/IMG_20260417_211028.jpg","datePublished":"2026-04-17T19:15:47+00:00","breadcrumb":{"@id":"https:\/\/modnaplussize.pl\/index.php\/product\/bluzka-t-shirt-adi-fuksja\/#breadcrumb"},"inLanguage":"pl-PL","potentialAction":[{"@type":"ReadAction","target":["https:\/\/modnaplussize.pl\/index.php\/product\/bluzka-t-shirt-adi-fuksja\/"]}]},{"@type":"ImageObject","inLanguage":"pl-PL","@id":"https:\/\/modnaplussize.pl\/index.php\/product\/bluzka-t-shirt-adi-fuksja\/#primaryimage","url":"https:\/\/modnaplussize.pl\/wp-content\/uploads\/2026\/04\/IMG_20260417_211028.jpg","contentUrl":"https:\/\/modnaplussize.pl\/wp-content\/uploads\/2026\/04\/IMG_20260417_211028.jpg","width":1034,"height":1838,"caption":"Oplus_16908288"},{"@type":"BreadcrumbList","@id":"https:\/\/modnaplussize.pl\/index.php\/product\/bluzka-t-shirt-adi-fuksja\/#breadcrumb","itemListElement":[{"@type":"ListItem","position":1,"name":"Home","item":"https:\/\/modnaplussize.pl\/"},{"@type":"ListItem","position":2,"name":"Sklep","item":"https:\/\/modnaplussize.pl\/index.php\/sklep\/"},{"@type":"ListItem","position":3,"name":"BLUZKA T-SHIRT ADI FUKSJA"}]},{"@type":"WebSite","@id":"https:\/\/modnaplussize.pl\/#website","url":"https:\/\/modnaplussize.pl\/","name":"MODNA","description":"Sklep z ubraniami plus size! Ob\u0142\u0119dne kolekcje, kt\u00f3re pokochasz. \u015awietna jako\u015b\u0107!","publisher":{"@id":"https:\/\/modnaplussize.pl\/#organization"},"potentialAction":[{"@type":"SearchAction","target":{"@type":"EntryPoint","urlTemplate":"https:\/\/modnaplussize.pl\/?s={search_term_string}"},"query-input":{"@type":"PropertyValueSpecification","valueRequired":true,"valueName":"search_term_string"}}],"inLanguage":"pl-PL"},{"@type":"Organization","@id":"https:\/\/modnaplussize.pl\/#organization","name":"Sklep z odzie\u017c\u0105 plus size!","url":"https:\/\/modnaplussize.pl\/","logo":{"@type":"ImageObject","inLanguage":"pl-PL","@id":"https:\/\/modnaplussize.pl\/#\/schema\/logo\/image\/","url":"https:\/\/modnaplussize.pl\/wp-content\/uploads\/2020\/06\/logo2.png","contentUrl":"https:\/\/modnaplussize.pl\/wp-content\/uploads\/2020\/06\/logo2.png","width":530,"height":66,"caption":"Sklep z odzie\u017c\u0105 plus size!"},"image":{"@id":"https:\/\/modnaplussize.pl\/#\/schema\/logo\/image\/"},"sameAs":["https:\/\/www.facebook.com\/modnaplussize.plock","https:\/\/www.instagram.com\/modna_plus_size\/"]}]}},"_links":{"self":[{"href":"https:\/\/modnaplussize.pl\/index.php\/wp-json\/wp\/v2\/product\/116777","targetHints":{"allow":["GET"]}}],"collection":[{"href":"https:\/\/modnaplussize.pl\/index.php\/wp-json\/wp\/v2\/product"}],"about":[{"href":"https:\/\/modnaplussize.pl\/index.php\/wp-json\/wp\/v2\/types\/product"}],"replies":[{"embeddable":true,"href":"https:\/\/modnaplussize.pl\/index.php\/wp-json\/wp\/v2\/comments?post=116777"}],"wp:featuredmedia":[{"embeddable":true,"href":"https:\/\/modnaplussize.pl\/index.php\/wp-json\/wp\/v2\/media\/116780"}],"wp:attachment":[{"href":"https:\/\/modnaplussize.pl\/index.php\/wp-json\/wp\/v2\/media?parent=116777"}],"wp:term":[{"taxonomy":"product_brand","embeddable":true,"href":"https:\/\/modnaplussize.pl\/index.php\/wp-json\/wp\/v2\/product_brand?post=116777"},{"taxonomy":"product_cat","embeddable":true,"href":"https:\/\/modnaplussize.pl\/index.php\/wp-json\/wp\/v2\/product_cat?post=116777"},{"taxonomy":"product_tag","embeddable":true,"href":"https:\/\/modnaplussize.pl\/index.php\/wp-json\/wp\/v2\/product_tag?post=116777"}],"curies":[{"name":"wp","href":"https:\/\/api.w.org\/{rel}","templated":true}]}}